{"id":255368,"date":"2025-01-11T15:00:14","date_gmt":"2025-01-11T14:00:14","guid":{"rendered":"https:\/\/metal-projekt.ba\/verweise\/"},"modified":"2025-02-11T12:49:04","modified_gmt":"2025-02-11T11:49:04","slug":"verweise","status":"publish","type":"page","link":"https:\/\/metal-projekt.ba\/de\/verweise\/","title":{"rendered":"Verweise"},"content":{"rendered":"<p>[et_pb_section fb_built=&#8220;1&#8243; custom_padding_last_edited=&#8220;on|phone&#8220; module_class=&#8220;custom-overlay&#8220; _builder_version=&#8220;4.27.4&#8243; _module_preset=&#8220;default&#8220; background_color=&#8220;#FF6600&#8243; background_enable_image=&#8220;off&#8220; parallax=&#8220;on&#8220; parallax_method=&#8220;off&#8220; background_blend=&#8220;overlay&#8220; custom_margin=&#8220;0px||0px||false|false&#8220; custom_padding=&#8220;60px||60px||true|false&#8220; custom_padding_tablet=&#8220;120px||120px||false|false&#8220; custom_padding_phone=&#8220;10px||10px||true|false&#8220; locked=&#8220;off&#8220; global_colors_info=&#8220;{}&#8220;][et_pb_row _builder_version=&#8220;4.27.4&#8243; _module_preset=&#8220;default&#8220; global_colors_info=&#8220;{}&#8220;][et_pb_column type=&#8220;4_4&#8243; _builder_version=&#8220;4.27.4&#8243; _module_preset=&#8220;default&#8220; global_colors_info=&#8220;{}&#8220;][et_pb_text _builder_version=&#8220;4.27.4&#8243; _dynamic_attributes=&#8220;content&#8220; _module_preset=&#8220;default&#8220; header_text_color=&#8220;#FFFFFF&#8220; header_font_size=&#8220;63px&#8220; header_2_font=&#8220;|700|||||||&#8220; header_2_text_align=&#8220;left&#8220; header_2_text_color=&#8220;#FFFFFF&#8220; header_2_font_size=&#8220;63px&#8220; header_2_line_height=&#8220;1.1em&#8220; max_width=&#8220;540px&#8220; max_width_tablet=&#8220;100%&#8220; max_width_phone=&#8220;100%&#8220; max_width_last_edited=&#8220;on|tablet&#8220; custom_margin=&#8220;10px||7px||false|false&#8220; custom_padding=&#8220;||0px||false|false&#8220; header_font_size_tablet=&#8220;61px&#8220; header_font_size_phone=&#8220;30px&#8220; header_font_size_last_edited=&#8220;on|tablet&#8220; header_2_font_size_tablet=&#8220;63px&#8220; header_2_font_size_phone=&#8220;30px&#8220; header_2_font_size_last_edited=&#8220;on|phone&#8220; global_colors_info=&#8220;{}&#8220;]@ET-DC@eyJkeW5hbWljIjp0cnVlLCJjb250ZW50IjoicG9zdF90aXRsZSIsInNldHRpbmdzIjp7ImJlZm9yZSI6IjxoMT4iLCJhZnRlciI6IjwvaDE+IiwiZW5hYmxlX2h0bWwiOiJvZmYifX0=@[\/et_pb_text][\/et_pb_column][\/et_pb_row][\/et_pb_section][et_pb_section fb_built=&#8220;1&#8243; admin_label=&#8220;Contact&#8220; _builder_version=&#8220;4.25.2&#8243; _module_preset=&#8220;_initial&#8220; background_enable_color=&#8220;off&#8220; custom_padding=&#8220;||6px|||&#8220; locked=&#8220;off&#8220; global_colors_info=&#8220;{%22gcid-b6c4f12c-f25d-4f61-9fb1-6e96404634cd%22:%91%22background_color%22%93}&#8220;][et_pb_row _builder_version=&#8220;4.27.4&#8243; _module_preset=&#8220;default&#8220; global_colors_info=&#8220;{}&#8220;][et_pb_column type=&#8220;4_4&#8243; _builder_version=&#8220;4.27.4&#8243; _module_preset=&#8220;default&#8220; global_colors_info=&#8220;{}&#8220;][et_pb_gallery gallery_ids=&#8220;255264,255268,255270,255272,255274,255276,255278,255280,255302,255304,255306,255784,255787,255790,255796,255799,255802,255805,255809,255814,255817,255820,255823,255826,255829,255832,255835,255838,255841,255844,255847,255850&#8243; posts_number=&#8220;99&#8243; show_title_and_caption=&#8220;off&#8220; show_pagination=&#8220;off&#8220; zoom_icon_color=&#8220;RGBA(255,255,255,0)&#8220; hover_overlay_color=&#8220;rgba(255,102,0,0.05)&#8220; _builder_version=&#8220;4.27.4&#8243; _module_preset=&#8220;default&#8220; custom_margin=&#8220;||||false|false&#8220; hover_enabled=&#8220;0&#8243; global_colors_info=&#8220;{}&#8220; sticky_enabled=&#8220;0&#8243;][\/et_pb_gallery][\/et_pb_column][\/et_pb_row][\/et_pb_section][et_pb_section fb_built=&#8220;1&#8243; _builder_version=&#8220;4.27.4&#8243; _module_preset=&#8220;default&#8220; global_colors_info=&#8220;{}&#8220;][et_pb_row _builder_version=&#8220;4.27.4&#8243; _module_preset=&#8220;default&#8220; global_colors_info=&#8220;{}&#8220;][et_pb_column type=&#8220;4_4&#8243; _builder_version=&#8220;4.27.4&#8243; _module_preset=&#8220;default&#8220; global_colors_info=&#8220;{}&#8220;][et_pb_text _builder_version=&#8220;4.27.4&#8243; _module_preset=&#8220;default&#8220; header_text_color=&#8220;#FFFFFF&#8220; header_2_font=&#8220;Space Grotesk|700|||||||&#8220; header_2_text_align=&#8220;center&#8220; header_2_text_color=&#8220;#000000&#8243; header_2_font_size=&#8220;63px&#8220; header_2_line_height=&#8220;1.1em&#8220; custom_margin=&#8220;-11px||0px||false|false&#8220; custom_padding=&#8220;0px||0px||false|false&#8220; header_2_font_size_tablet=&#8220;63px&#8220; header_2_font_size_phone=&#8220;30px&#8220; header_2_font_size_last_edited=&#8220;on|phone&#8220; global_colors_info=&#8220;{}&#8220;]<\/p>\n<h2>Kunden \u00fcber uns<\/h2>\n<p>[\/et_pb_text][\/et_pb_column][\/et_pb_row][et_pb_row _builder_version=&#8220;4.27.4&#8243; _module_preset=&#8220;default&#8220; global_colors_info=&#8220;{}&#8220;][et_pb_column type=&#8220;4_4&#8243; _builder_version=&#8220;4.27.4&#8243; _module_preset=&#8220;default&#8220; global_colors_info=&#8220;{}&#8220;][difl_testimonialcarousel centered_slides=&#8220;on&#8220; loop=&#8220;on&#8220; dots=&#8220;on&#8220; brand_align=&#8220;center&#8220; _builder_version=&#8220;4.27.4&#8243; _module_preset=&#8220;default&#8220; body_text_align=&#8220;center&#8220; custom_css_main_element=&#8220;text-align: center !important;&#8220; global_colors_info=&#8220;{}&#8220;][difl_testimonialcarouselitem author=&#8220;Ante Tomic&#8220; company=&#8220;Bei Kerametal&#8220; company_logo=&#8220;https:\/\/metal-projekt.ba\/wp-content\/uploads\/kerametal.png&#8220; _builder_version=&#8220;4.27.4&#8243; _module_preset=&#8220;default&#8220; body_text_align=&#8220;center&#8220; body_font_size=&#8220;16px&#8220; body_line_height=&#8220;1.8em&#8220; custom_padding=&#8220;|10px||10px|false|true&#8220; global_colors_info=&#8220;{}&#8220;]<\/p>\n<p style=\"text-align: center;\">Die Zusammenarbeit mit Metal Projekt verlief \u00e4u\u00dferst professionell und stressfrei. Von der ersten Idee bis zur finalen Umsetzung bewies das Team ein hohes Ma\u00df an Kompetenz, Pr\u00e4zision und Liebe zum Detail. Wir haben an vielen verschiedenen Projekten gearbeitet, darunter Vord\u00e4cher, Tore, Gesch\u00e4ftsgeb\u00e4ude- und Tankstellenrenovierungen, und sie haben jedes Mal unsere Erwartungen \u00fcbertroffen.  <\/p>\n<p>[\/difl_testimonialcarouselitem][difl_testimonialcarouselitem author=&#8220;Igor Jurcic&#8220; company=&#8220;Jurprom&#8220; company_logo=&#8220;https:\/\/metal-projekt.ba\/wp-content\/uploads\/jurprom.png&#8220; _builder_version=&#8220;4.27.4&#8243; _module_preset=&#8220;default&#8220; body_text_align=&#8220;center&#8220; body_font_size=&#8220;16px&#8220; body_line_height=&#8220;1.8em&#8220; custom_padding=&#8220;|10px||10px|false|true&#8220; global_colors_info=&#8220;{}&#8220;]<\/p>\n<p style=\"text-align: center;\">Metal Projekt hat sich in jedem Segment unseres Projekts als zuverl\u00e4ssiger und professioneller Partner erwiesen. Die Arbeiten f\u00fcr den Anbau des Firmengeb\u00e4udes verliefen reibungslos, die Ausf\u00fchrung war pr\u00e4zise, \u200b\u200bdie Termintreue und die Materialqualit\u00e4t erstklassig. Ihre Professionalit\u00e4t und Liebe zum Detail sorgten f\u00fcr ein Ergebnis, das unsere Erwartungen \u00fcbertraf. Wir k\u00f6nnen das Team auf jeden Fall weiterempfehlen!   <\/p>\n<p>[\/difl_testimonialcarouselitem][difl_testimonialcarouselitem author=&#8220;Ante Glamuzina&#8220; company=&#8220;Bier&#8220; company_logo=&#8220;https:\/\/metal-projekt.ba\/wp-content\/uploads\/pivac.png&#8220; _builder_version=&#8220;4.27.4&#8243; _module_preset=&#8220;default&#8220; body_text_align=&#8220;center&#8220; body_font_size=&#8220;16px&#8220; body_line_height=&#8220;1.8em&#8220; custom_padding=&#8220;|10px||10px|false|true&#8220; global_colors_info=&#8220;{}&#8220;]<\/p>\n<p style=\"text-align: center;\">Metal Projekt hat bei unserer Anlage von der Anfangsphase bis zu den letzten Details fantastische Arbeit geleistet. Sie haben durch ihre Pr\u00e4zision, Leistungsqualit\u00e4t und Termintreue einen hervorragenden Eindruck hinterlassen. Ihre professionelle Herangehensweise und erstklassige Leistung machen sie zu einem zuverl\u00e4ssigen Partner f\u00fcr jedes ernsthafte Projekt.  <\/p>\n<p>[\/difl_testimonialcarouselitem][difl_testimonialcarouselitem author=&#8220;Miro Vekic&#8220; company=&#8220;Lumen&#8220; company_logo=&#8220;https:\/\/metal-projekt.ba\/wp-content\/uploads\/lumen.png&#8220; _builder_version=&#8220;4.27.4&#8243; _module_preset=&#8220;default&#8220; body_text_align=&#8220;center&#8220; body_font_size=&#8220;16px&#8220; body_line_height=&#8220;1.8em&#8220; custom_padding=&#8220;|10px||10px|false|true&#8220; global_colors_info=&#8220;{}&#8220;]<\/p>\n<p style=\"text-align: center;\">Die Zusammenarbeit mit Metal Projekt war ein echtes Vergn\u00fcgen. Ihr Fachwissen und ihre Liebe zum Detail sind in jedem Aspekt der Auff\u00fchrung offensichtlich. Das Projekt wurde innerhalb der vereinbarten Frist abgeschlossen und die Qualit\u00e4t hat unsere Erwartungen \u00fcbertroffen. Ich empfehle sie auf jeden Fall!   <\/p>\n<p>[\/difl_testimonialcarouselitem][difl_testimonialcarouselitem author=&#8220;Dalibor Milas&#8220; company=&#8220;Elektro Milas&#8220; company_logo=&#8220;https:\/\/metal-projekt.ba\/wp-content\/uploads\/12-1.png&#8220; _builder_version=&#8220;4.27.4&#8243; _module_preset=&#8220;default&#8220; body_text_align=&#8220;center&#8220; body_font_size=&#8220;16px&#8220; body_line_height=&#8220;1.8em&#8220; custom_padding=&#8220;|10px||10px|false|true&#8220; global_colors_info=&#8220;{}&#8220;]<\/p>\n<p style=\"text-align: center;\">Metal Projekt \u00fcbernahm das gesamte Projekt in Rav\u010da und lieferte ein erstklassiges Ergebnis. Die Baukonstruktion sowie die Tore und Eing\u00e4nge wurden pr\u00e4zise und einwandfrei ausgef\u00fchrt. Ihr Engagement f\u00fcr Qualit\u00e4t und Termintreue macht sie zur richtigen Wahl f\u00fcr anspruchsvolle Projekte.  <\/p>\n<p>[\/difl_testimonialcarouselitem][difl_testimonialcarouselitem author=&#8220;Branko Puljic&#8220; company=&#8220;Hotel Crystal Orebic&#8220; company_logo=&#8220;https:\/\/metal-projekt.ba\/wp-content\/uploads\/crystal.png&#8220; _builder_version=&#8220;4.27.4&#8243; _module_preset=&#8220;default&#8220; body_text_align=&#8220;center&#8220; body_font_size=&#8220;16px&#8220; body_line_height=&#8220;1.8em&#8220; custom_padding=&#8220;|10px||10px|false|true&#8220; global_colors_info=&#8220;{}&#8220;]<\/p>\n<p style=\"text-align: center;\">Professionalit\u00e4t und erstklassige Leistung sind die Hauptmerkmale von Metal Projekt. Von der Unterfassade bis hin zu Z\u00e4unen und Toren ist jedes Element pr\u00e4zise und \u00e4sthetisch einwandfrei ausgef\u00fchrt. Die Zusammenarbeit mit ihnen war ein wahres Vergn\u00fcgen!<\/p>\n<p>[\/difl_testimonialcarouselitem][difl_testimonialcarouselitem author=&#8220;Miro Peric&#8220; company=&#8220;Drinovci TP&#8220; company_logo=&#8220;https:\/\/metal-projekt.ba\/wp-content\/uploads\/crystal-1.png&#8220; _builder_version=&#8220;4.27.4&#8243; _module_preset=&#8220;default&#8220; body_text_align=&#8220;center&#8220; body_font_size=&#8220;16px&#8220; body_line_height=&#8220;1.8em&#8220; custom_padding=&#8220;|10px||10px|false|true&#8220; global_colors_info=&#8220;{}&#8220;]<\/p>\n<p style=\"text-align: center;\">Der Bau der gesamten Anlage mit Metal Projekt verlief dank der Fachkompetenz und Organisation reibungslos. Die Qualit\u00e4t der Materialien und der Verarbeitung ist auf h\u00f6chstem Niveau und ihre Verantwortung und Einhaltung von Vereinbarungen machen sie zu einem vertrauensw\u00fcrdigen Partner.<\/p>\n<p>[\/difl_testimonialcarouselitem][difl_testimonialcarouselitem author=&#8220;Ruhige Stra\u00dfe&#8220; company=&#8220;Hotel Vapore Neum&#8220; company_logo=&#8220;https:\/\/metal-projekt.ba\/wp-content\/uploads\/vapore.png&#8220; _builder_version=&#8220;4.27.4&#8243; _module_preset=&#8220;default&#8220; body_text_align=&#8220;center&#8220; body_font_size=&#8220;16px&#8220; body_line_height=&#8220;1.8em&#8220; custom_padding=&#8220;|10px||10px|false|true&#8220; global_colors_info=&#8220;{}&#8220;]<\/p>\n<p style=\"text-align: center;\">Das Vordach vor dem Hotel ist pr\u00e4zise gestaltet und funktional sowie \u00e4sthetisch einwandfrei. Metal Projekt hat ein hohes Ma\u00df an Professionalit\u00e4t und Fachwissen bewiesen, weshalb wir sie jedem empfehlen, der einen zuverl\u00e4ssigen Metallbauunternehmer sucht.<\/p>\n<p>[\/difl_testimonialcarouselitem][\/difl_testimonialcarousel][\/et_pb_column][\/et_pb_row][\/et_pb_section]<\/p>\n","protected":false},"excerpt":{"rendered":"<p>Kunden \u00fcber uns<div class=\"et_pb_module difl_testimonialcarousel difl_testimonialcarousel_0\">\n\t\t\t\t\n\t\t\t\t\n\t\t\t\t\n\t\t\t\t\n\t\t\t\t\n\t\t\t\t\n\t\t\t\t<div class=\"et_pb_module_inner\">\n\t\t\t\t\t<h2 style=\"background:#eee; padding: 10px 20px;\">Please <strong>Add New Testimonial Item.<\/strong><\/h2>\n\t\t\t\t<\/div>\n\t\t\t<\/div><div class=\"et_pb_module difl_testimonialcarouselitem difl_testimonialcarouselitem_0 swiper-slide\">\n\t\t\t\t\n\t\t\t\t\n\t\t\t\t\n\t\t\t\t\n\t\t\t\t\n\t\t\t\t\n\t\t\t\t<div class=\"et_pb_module_inner\">\n\t\t\t\t\t<div class=\"df_tci_container\">\r\n                \r\n                <div class=\"df_tci_inner\">\r\n                    \r\n                    \r\n            <div class=\"df_tc_company_logo\">\r\n                <img decoding=\"async\" class=\"tc_company_logo\" alt=\"\" src=\"https:\/\/metal-projekt.ba\/wp-content\/uploads\/kerametal.png\" \/>\r\n            <\/div>\r\n        \r\n                    \r\n                    \r\n                <div class=\"df_tc_author_box\"><div class=\"df_tc_author_info\"><h4 class=\"author_name\">Ante Tomic<\/h4> \r\n                    <span class=\"tc_company\">Bei Kerametal<\/span><\/div><\/div>\r\n            \r\n                    \r\n                <\/div>\r\n            <\/div>\n\t\t\t\t<\/div>\n\t\t\t<\/div>Die Zusammenarbeit mit Metal Projekt verlief \u00e4u\u00dferst professionell und stressfrei. Von der ersten Idee bis zur finalen Umsetzung bewies das Team ein hohes Ma\u00df an Kompetenz, Pr\u00e4zision und Liebe zum [&hellip;]<\/p>\n","protected":false},"author":1,"featured_media":255308,"parent":0,"menu_order":0,"comment_status":"closed","ping_status":"closed","template":"","meta":{"_et_pb_use_builder":"on","_et_pb_old_content":"","_et_gb_content_width":"","inline_featured_image":false,"footnotes":""},"dipi_cpt_category":[],"difl_page_category":[],"class_list":["post-255368","page","type-page","status-publish","has-post-thumbnail","hentry"],"_links":{"self":[{"href":"https:\/\/metal-projekt.ba\/de\/wp-json\/wp\/v2\/pages\/255368","targetHints":{"allow":["GET"]}}],"collection":[{"href":"https:\/\/metal-projekt.ba\/de\/wp-json\/wp\/v2\/pages"}],"about":[{"href":"https:\/\/metal-projekt.ba\/de\/wp-json\/wp\/v2\/types\/page"}],"author":[{"embeddable":true,"href":"https:\/\/metal-projekt.ba\/de\/wp-json\/wp\/v2\/users\/1"}],"replies":[{"embeddable":true,"href":"https:\/\/metal-projekt.ba\/de\/wp-json\/wp\/v2\/comments?post=255368"}],"version-history":[{"count":0,"href":"https:\/\/metal-projekt.ba\/de\/wp-json\/wp\/v2\/pages\/255368\/revisions"}],"wp:featuredmedia":[{"embeddable":true,"href":"https:\/\/metal-projekt.ba\/de\/wp-json\/wp\/v2\/media\/255308"}],"wp:attachment":[{"href":"https:\/\/metal-projekt.ba\/de\/wp-json\/wp\/v2\/media?parent=255368"}],"wp:term":[{"taxonomy":"dipi_cpt_category","embeddable":true,"href":"https:\/\/metal-projekt.ba\/de\/wp-json\/wp\/v2\/dipi_cpt_category?post=255368"},{"taxonomy":"difl_page_category","embeddable":true,"href":"https:\/\/metal-projekt.ba\/de\/wp-json\/wp\/v2\/difl_page_category?post=255368"}],"curies":[{"name":"wp","href":"https:\/\/api.w.org\/{rel}","templated":true}]}}