{"id":255329,"date":"2025-01-28T13:05:24","date_gmt":"2025-01-28T12:05:24","guid":{"rendered":"https:\/\/metal-projekt.ba\/dienstleistungen\/"},"modified":"2025-02-11T20:18:21","modified_gmt":"2025-02-11T19:18:21","slug":"dienstleistungen","status":"publish","type":"page","link":"https:\/\/metal-projekt.ba\/de\/dienstleistungen\/","title":{"rendered":"Dienstleistungen"},"content":{"rendered":"<p>[et_pb_section fb_built=&#8220;1&#8243; custom_padding_last_edited=&#8220;on|phone&#8220; module_class=&#8220;custom-overlay&#8220; _builder_version=&#8220;4.27.4&#8243; _module_preset=&#8220;default&#8220; background_color=&#8220;#FF6600&#8243; background_enable_image=&#8220;off&#8220; parallax=&#8220;on&#8220; parallax_method=&#8220;off&#8220; background_blend=&#8220;overlay&#8220; custom_margin=&#8220;0px||0px||false|false&#8220; custom_padding=&#8220;60px||60px||true|false&#8220; custom_padding_tablet=&#8220;120px||120px||false|false&#8220; custom_padding_phone=&#8220;10px||10px||true|false&#8220; locked=&#8220;off&#8220; global_colors_info=&#8220;{}&#8220;][et_pb_row _builder_version=&#8220;4.27.4&#8243; _module_preset=&#8220;default&#8220; global_colors_info=&#8220;{}&#8220;][et_pb_column type=&#8220;4_4&#8243; _builder_version=&#8220;4.27.4&#8243; _module_preset=&#8220;default&#8220; global_colors_info=&#8220;{}&#8220;][et_pb_text _builder_version=&#8220;4.27.4&#8243; _dynamic_attributes=&#8220;content&#8220; _module_preset=&#8220;default&#8220; header_text_color=&#8220;#FFFFFF&#8220; header_font_size=&#8220;63px&#8220; header_2_font=&#8220;|700|||||||&#8220; header_2_text_align=&#8220;left&#8220; header_2_text_color=&#8220;#FFFFFF&#8220; header_2_font_size=&#8220;63px&#8220; header_2_line_height=&#8220;1.1em&#8220; max_width=&#8220;540px&#8220; max_width_tablet=&#8220;100%&#8220; max_width_phone=&#8220;100%&#8220; max_width_last_edited=&#8220;on|tablet&#8220; custom_margin=&#8220;10px||7px||false|false&#8220; custom_padding=&#8220;||0px||false|false&#8220; header_font_size_tablet=&#8220;61px&#8220; header_font_size_phone=&#8220;30px&#8220; header_font_size_last_edited=&#8220;on|tablet&#8220; header_2_font_size_tablet=&#8220;63px&#8220; header_2_font_size_phone=&#8220;30px&#8220; header_2_font_size_last_edited=&#8220;on|phone&#8220; global_colors_info=&#8220;{}&#8220;]@ET-DC@eyJkeW5hbWljIjp0cnVlLCJjb250ZW50IjoicG9zdF90aXRsZSIsInNldHRpbmdzIjp7ImJlZm9yZSI6IjxoMT4iLCJhZnRlciI6IjxcL2gxPiJ9fQ==@[\/et_pb_text][\/et_pb_column][\/et_pb_row][\/et_pb_section][et_pb_section fb_built=&#8220;1&#8243; custom_padding_last_edited=&#8220;on|phone&#8220; _builder_version=&#8220;4.27.4&#8243; _module_preset=&#8220;default&#8220; background_color=&#8220;#000000&#8243; custom_margin=&#8220;0px||0px||false|false&#8220; custom_padding=&#8220;120px||100px||false|false&#8220; custom_padding_tablet=&#8220;120px||120px||false|false&#8220; custom_padding_phone=&#8220;90px||30px||false|false&#8220; animation_direction=&#8220;bottom&#8220; global_colors_info=&#8220;{}&#8220;][et_pb_row column_structure=&#8220;1_2,1_2&#8243; _builder_version=&#8220;4.27.4&#8243; _module_preset=&#8220;default&#8220; custom_margin=&#8220;0px|auto|60px|auto|false|false&#8220; custom_margin_tablet=&#8220;||-58px||false|false&#8220; custom_margin_phone=&#8220;0px|auto|-60px|auto|false|false&#8220; custom_margin_last_edited=&#8220;on|tablet&#8220; global_colors_info=&#8220;{}&#8220;][et_pb_column type=&#8220;1_2&#8243; _builder_version=&#8220;4.27.4&#8243; _module_preset=&#8220;default&#8220; global_colors_info=&#8220;{}&#8220;][difl_advanced_blurb title=&#8220;WASSERSTRAHL- UND LASERMETALLSCHNEIDEN&#8220; blurb_img_background_color=&#8220;#FFFFFF&#8220; image=&#8220;https:\/\/metal-projekt.ba\/wp-content\/uploads\/METALlaser.png&#8220; image_icon_container_position=&#8220;outside&#8220; image_placement=&#8220;flex_left&#8220; image_icon_alignment=&#8220;center&#8220; content_area_padding=&#8220;|||30px|true|false&#8220; _builder_version=&#8220;4.27.4&#8243; _module_preset=&#8220;default&#8220; title_font=&#8220;||||||||&#8220; title_text_color=&#8220;#FFFFFF&#8220; title_font_size=&#8220;18px&#8220; content_body_text_color=&#8220;#FFFFFF&#8220; content_body_font_size=&#8220;16px&#8220; content_body_line_height=&#8220;1.5em&#8220; background_color=&#8220;#000000&#8243; width=&#8220;90%&#8220; animation_style=&#8220;fade&#8220; animation_duration=&#8220;1250ms&#8220; animation_delay=&#8220;250ms&#8220; border_radii_image_border=&#8220;on|10px|10px|10px|10px&#8220; global_colors_info=&#8220;{}&#8220;]<\/p>\n<p>Wasserstrahl- und Lasermetallschneiden erm\u00f6glichen pr\u00e4zise und saubere Schnitte f\u00fcr eine breite Palette von Materialien, ohne Verformungen und mit der M\u00f6glichkeit, dickere Oberfl\u00e4chen zu bearbeiten.<\/p>\n<p>[\/difl_advanced_blurb][\/et_pb_column][et_pb_column type=&#8220;1_2&#8243; _builder_version=&#8220;4.27.4&#8243; _module_preset=&#8220;default&#8220; global_colors_info=&#8220;{}&#8220;][difl_advanced_blurb title=&#8220;METALLBIEGEN&#8220; blurb_img_background_color=&#8220;#FFFFFF&#8220; image=&#8220;https:\/\/metal-projekt.ba\/wp-content\/uploads\/METALsavijanje.png&#8220; image_icon_container_position=&#8220;outside&#8220; image_placement=&#8220;flex_left&#8220; image_icon_alignment=&#8220;center&#8220; content_area_padding=&#8220;|||30px|true|false&#8220; _builder_version=&#8220;4.27.4&#8243; _module_preset=&#8220;default&#8220; title_font=&#8220;||||||||&#8220; title_text_color=&#8220;#FFFFFF&#8220; title_font_size=&#8220;18px&#8220; content_body_text_color=&#8220;#FFFFFF&#8220; content_body_font_size=&#8220;16px&#8220; content_body_line_height=&#8220;1.5em&#8220; background_color=&#8220;#000000&#8243; width=&#8220;90%&#8220; animation_style=&#8220;fade&#8220; animation_duration=&#8220;1250ms&#8220; animation_delay=&#8220;250ms&#8220; border_radii_image_border=&#8220;on|10px|10px|10px|10px&#8220; global_colors_info=&#8220;{}&#8220;]<\/p>\n<p>Metallbiegen nach Ihren W\u00fcnschen \u2013 pr\u00e4zise Bearbeitung anspruchsvollster Formen mit moderner Technik und einem professionellen Team.<\/p>\n<p>[\/difl_advanced_blurb][\/et_pb_column][\/et_pb_row][et_pb_row column_structure=&#8220;1_2,1_2&#8243; _builder_version=&#8220;4.27.4&#8243; _module_preset=&#8220;default&#8220; custom_margin=&#8220;||||false|false&#8220; custom_padding=&#8220;60px||||false|false&#8220; global_colors_info=&#8220;{}&#8220;][et_pb_column type=&#8220;1_2&#8243; _builder_version=&#8220;4.27.4&#8243; _module_preset=&#8220;default&#8220; global_colors_info=&#8220;{}&#8220;][difl_advanced_blurb title=&#8220;METALLSCHWEISSEN&#8220; blurb_img_background_color=&#8220;#FFFFFF&#8220; image=&#8220;https:\/\/metal-projekt.ba\/wp-content\/uploads\/METALzavarivanje.png&#8220; image_icon_container_position=&#8220;outside&#8220; image_placement=&#8220;flex_left&#8220; image_icon_alignment=&#8220;center&#8220; content_area_padding=&#8220;|||30px|true|false&#8220; _builder_version=&#8220;4.27.4&#8243; _module_preset=&#8220;default&#8220; title_font=&#8220;||||||||&#8220; title_text_color=&#8220;#FFFFFF&#8220; title_font_size=&#8220;18px&#8220; content_body_text_color=&#8220;#FFFFFF&#8220; content_body_font_size=&#8220;16px&#8220; content_body_line_height=&#8220;1.5em&#8220; background_color=&#8220;#000000&#8243; width=&#8220;90%&#8220; animation_style=&#8220;fade&#8220; animation_duration=&#8220;1250ms&#8220; animation_delay=&#8220;250ms&#8220; border_radii_image_border=&#8220;on|10px|10px|10px|10px&#8220; global_colors_info=&#8220;{}&#8220;]<\/p>\n<p>Professionelles Schwei\u00dfen f\u00fcr die anspruchsvollsten Branchen \u2013 wir gew\u00e4hrleisten die Haltbarkeit, Festigkeit und Sicherheit von Metallstrukturen.<\/p>\n<p>[\/difl_advanced_blurb][\/et_pb_column][et_pb_column type=&#8220;1_2&#8243; _builder_version=&#8220;4.27.4&#8243; _module_preset=&#8220;default&#8220; global_colors_info=&#8220;{}&#8220;][difl_advanced_blurb title=&#8220;FEUERVERZINKEN UND KUNSTSTOFFBESCHICHTEN&#8220; blurb_img_background_color=&#8220;#FFFFFF&#8220; image=&#8220;https:\/\/metal-projekt.ba\/wp-content\/uploads\/METALcincanje.png&#8220; image_icon_container_position=&#8220;outside&#8220; image_placement=&#8220;flex_left&#8220; image_icon_alignment=&#8220;center&#8220; content_area_padding=&#8220;|||30px|true|false&#8220; _builder_version=&#8220;4.27.4&#8243; _module_preset=&#8220;default&#8220; title_font=&#8220;||||||||&#8220; title_text_color=&#8220;#FFFFFF&#8220; title_font_size=&#8220;18px&#8220; content_body_text_color=&#8220;#FFFFFF&#8220; content_body_font_size=&#8220;16px&#8220; content_body_line_height=&#8220;1.5em&#8220; background_color=&#8220;#000000&#8243; width=&#8220;90%&#8220; animation_style=&#8220;fade&#8220; animation_duration=&#8220;1250ms&#8220; animation_delay=&#8220;250ms&#8220; border_radii_image_border=&#8220;on|10px|10px|10px|10px&#8220; global_colors_info=&#8220;{}&#8220;]<\/p>\n<p>Erstklassiger Korrosionsschutz und \u00e4sthetische Veredelung f\u00fcr Serien- und Unikatprodukte aus Metall<\/p>\n<p>[\/difl_advanced_blurb][\/et_pb_column][\/et_pb_row][\/et_pb_section][et_pb_section fb_built=&#8220;1&#8243; _builder_version=&#8220;4.27.4&#8243; _module_preset=&#8220;default&#8220; background_color=&#8220;#000000&#8243; global_colors_info=&#8220;{}&#8220;][et_pb_row _builder_version=&#8220;4.27.0&#8243; _module_preset=&#8220;default&#8220; width=&#8220;90%&#8220; max_width=&#8220;1350px&#8220; custom_margin=&#8220;0px|auto|61px|auto|false|false&#8220; custom_margin_tablet=&#8220;0px||50px||false|false&#8220; custom_margin_phone=&#8220;0px||45px||false|false&#8220; custom_margin_last_edited=&#8220;on|phone&#8220; custom_padding=&#8220;0px||0px||false|false&#8220; custom_css_main_element=&#8220;text-align:center;&#8220; locked=&#8220;off&#8220; global_colors_info=&#8220;{}&#8220;][et_pb_column type=&#8220;4_4&#8243; _builder_version=&#8220;4.27.0&#8243; _module_preset=&#8220;default&#8220; global_colors_info=&#8220;{}&#8220;][et_pb_blurb title=&#8220;Galerie  &#8220; icon_placement=&#8220;left&#8220; image_icon_width=&#8220;7px&#8220; _builder_version=&#8220;4.27.4&#8243; _module_preset=&#8220;default&#8220; header_font=&#8220;|700||on|||||&#8220; header_text_align=&#8220;left&#8220; header_text_color=&#8220;#FFFFFF&#8220; header_font_size=&#8220;12px&#8220; header_letter_spacing=&#8220;2px&#8220; image_icon_custom_margin=&#8220;2px||0px||false|false&#8220; image_icon_custom_padding=&#8220;0px||0px||false|false&#8220; custom_margin=&#8220;0px||10px||false|false&#8220; custom_margin_tablet=&#8220;0px||10px||false|false&#8220; custom_margin_phone=&#8220;0px||5px||false|false&#8220; custom_margin_last_edited=&#8220;on|phone&#8220; custom_padding=&#8220;0px||0px||false|false&#8220; animation=&#8220;off&#8220; custom_css_main_element=&#8220;display:inline-block;&#8220; custom_css_blurb_title=&#8220;margin-left:-25px;&#8220; custom_css_blurb_content=&#8220;margin:0px;&#8220; global_colors_info=&#8220;{}&#8220;][\/et_pb_blurb][et_pb_text _builder_version=&#8220;4.27.4&#8243; _module_preset=&#8220;default&#8220; header_text_color=&#8220;#FFFFFF&#8220; header_2_font=&#8220;Space Grotesk|700|||||||&#8220; header_2_text_align=&#8220;center&#8220; header_2_text_color=&#8220;#FFFFFF&#8220; header_2_font_size=&#8220;63px&#8220; header_2_line_height=&#8220;1.1em&#8220; custom_margin=&#8220;-11px||0px||false|false&#8220; custom_padding=&#8220;0px||0px||false|false&#8220; header_2_font_size_tablet=&#8220;63px&#8220; header_2_font_size_phone=&#8220;30px&#8220; header_2_font_size_last_edited=&#8220;on|phone&#8220; global_colors_info=&#8220;{}&#8220;]<\/p>\n<h2>Wasserstrahl- und Lasermetallschneiden<\/h2>\n<p>[\/et_pb_text][\/et_pb_column][\/et_pb_row][et_pb_row _builder_version=&#8220;4.27.4&#8243; _module_preset=&#8220;default&#8220; global_colors_info=&#8220;{}&#8220;][et_pb_column type=&#8220;4_4&#8243; _builder_version=&#8220;4.27.4&#8243; _module_preset=&#8220;default&#8220; global_colors_info=&#8220;{}&#8220;][difl_imagegallery df_gallery_enable_category=&#8220;on&#8220; category_ids=&#8220;%91%2274%22%93&#8243; layout_mode=&#8220;fitRows&#8220; use_orientation=&#8220;on&#8220; item_gutter=&#8220;20px&#8220; use_image_order=&#8220;on&#8220; image_order=&#8220;asc&#8220; use_lightbox=&#8220;on&#8220; use_lightbox_content=&#8220;on&#8220; overlay=&#8220;on&#8220; overlay_primary=&#8220;rgba(255,102,0,0.36)&#8220; overlay_secondary=&#8220;rgba(0,0,0,0.31)&#8220; content_position=&#8220;c4-layout-center&#8220; image_scale=&#8220;c4-image-zoom-in&#8220; image_to_display_tablet=&#8220;2&#8243; image_to_display_phone=&#8220;2&#8243; image_to_display_last_edited=&#8220;on|desktop&#8220; _builder_version=&#8220;4.27.4&#8243; _module_preset=&#8220;default&#8220; locked=&#8220;off&#8220; global_colors_info=&#8220;{}&#8220;][\/difl_imagegallery][\/et_pb_column][\/et_pb_row][\/et_pb_section][et_pb_section fb_built=&#8220;1&#8243; _builder_version=&#8220;4.27.4&#8243; _module_preset=&#8220;default&#8220; background_color=&#8220;#000000&#8243; global_colors_info=&#8220;{}&#8220;][et_pb_row _builder_version=&#8220;4.27.0&#8243; _module_preset=&#8220;default&#8220; width=&#8220;90%&#8220; max_width=&#8220;1350px&#8220; custom_margin=&#8220;0px|auto|61px|auto|false|false&#8220; custom_margin_tablet=&#8220;0px||50px||false|false&#8220; custom_margin_phone=&#8220;0px||45px||false|false&#8220; custom_margin_last_edited=&#8220;on|phone&#8220; custom_padding=&#8220;0px||0px||false|false&#8220; custom_css_main_element=&#8220;text-align:center;&#8220; locked=&#8220;off&#8220; global_colors_info=&#8220;{}&#8220;][et_pb_column type=&#8220;4_4&#8243; _builder_version=&#8220;4.27.0&#8243; _module_preset=&#8220;default&#8220; global_colors_info=&#8220;{}&#8220;][et_pb_blurb title=&#8220;Galerie  &#8220; icon_placement=&#8220;left&#8220; image_icon_width=&#8220;7px&#8220; _builder_version=&#8220;4.27.4&#8243; _module_preset=&#8220;default&#8220; header_font=&#8220;|700||on|||||&#8220; header_text_align=&#8220;left&#8220; header_text_color=&#8220;#FFFFFF&#8220; header_font_size=&#8220;12px&#8220; header_letter_spacing=&#8220;2px&#8220; image_icon_custom_margin=&#8220;2px||0px||false|false&#8220; image_icon_custom_padding=&#8220;0px||0px||false|false&#8220; custom_margin=&#8220;0px||10px||false|false&#8220; custom_margin_tablet=&#8220;0px||10px||false|false&#8220; custom_margin_phone=&#8220;0px||5px||false|false&#8220; custom_margin_last_edited=&#8220;on|phone&#8220; custom_padding=&#8220;0px||0px||false|false&#8220; animation=&#8220;off&#8220; custom_css_main_element=&#8220;display:inline-block;&#8220; custom_css_blurb_title=&#8220;margin-left:-25px;&#8220; custom_css_blurb_content=&#8220;margin:0px;&#8220; global_colors_info=&#8220;{}&#8220;][\/et_pb_blurb][et_pb_text _builder_version=&#8220;4.27.4&#8243; _module_preset=&#8220;default&#8220; header_text_color=&#8220;#FFFFFF&#8220; header_2_font=&#8220;Space Grotesk|700|||||||&#8220; header_2_text_align=&#8220;center&#8220; header_2_text_color=&#8220;#FFFFFF&#8220; header_2_font_size=&#8220;63px&#8220; header_2_line_height=&#8220;1.1em&#8220; custom_margin=&#8220;-11px||0px||false|false&#8220; custom_padding=&#8220;0px||0px||false|false&#8220; header_2_font_size_tablet=&#8220;63px&#8220; header_2_font_size_phone=&#8220;30px&#8220; header_2_font_size_last_edited=&#8220;on|phone&#8220; global_colors_info=&#8220;{}&#8220;]<\/p>\n<h2>Metallbiegen<\/h2>\n<p>[\/et_pb_text][\/et_pb_column][\/et_pb_row][et_pb_row _builder_version=&#8220;4.27.4&#8243; _module_preset=&#8220;default&#8220; global_colors_info=&#8220;{}&#8220;][et_pb_column type=&#8220;4_4&#8243; _builder_version=&#8220;4.27.4&#8243; _module_preset=&#8220;default&#8220; global_colors_info=&#8220;{}&#8220;][difl_imagegallery df_gallery_enable_category=&#8220;on&#8220; category_ids=&#8220;%91%2272%22%93&#8243; layout_mode=&#8220;fitRows&#8220; use_orientation=&#8220;on&#8220; item_gutter=&#8220;20px&#8220; use_image_order=&#8220;on&#8220; image_order=&#8220;asc&#8220; use_lightbox=&#8220;on&#8220; use_lightbox_content=&#8220;on&#8220; overlay=&#8220;on&#8220; overlay_primary=&#8220;rgba(255,102,0,0.36)&#8220; overlay_secondary=&#8220;rgba(0,0,0,0.31)&#8220; content_position=&#8220;c4-layout-center&#8220; image_scale=&#8220;c4-image-zoom-in&#8220; image_to_display_tablet=&#8220;2&#8243; image_to_display_phone=&#8220;2&#8243; image_to_display_last_edited=&#8220;on|desktop&#8220; _builder_version=&#8220;4.27.4&#8243; _module_preset=&#8220;default&#8220; hover_enabled=&#8220;0&#8243; locked=&#8220;off&#8220; global_colors_info=&#8220;{}&#8220; sticky_enabled=&#8220;0&#8243;][\/difl_imagegallery][\/et_pb_column][\/et_pb_row][\/et_pb_section][et_pb_section fb_built=&#8220;1&#8243; _builder_version=&#8220;4.27.4&#8243; _module_preset=&#8220;default&#8220; background_color=&#8220;#000000&#8243; global_colors_info=&#8220;{}&#8220;][et_pb_row _builder_version=&#8220;4.27.0&#8243; _module_preset=&#8220;default&#8220; width=&#8220;90%&#8220; max_width=&#8220;1350px&#8220; custom_margin=&#8220;0px|auto|61px|auto|false|false&#8220; custom_margin_tablet=&#8220;0px||50px||false|false&#8220; custom_margin_phone=&#8220;0px||45px||false|false&#8220; custom_margin_last_edited=&#8220;on|phone&#8220; custom_padding=&#8220;0px||0px||false|false&#8220; custom_css_main_element=&#8220;text-align:center;&#8220; locked=&#8220;off&#8220; global_colors_info=&#8220;{}&#8220;][et_pb_column type=&#8220;4_4&#8243; _builder_version=&#8220;4.27.0&#8243; _module_preset=&#8220;default&#8220; global_colors_info=&#8220;{}&#8220;][et_pb_blurb title=&#8220;Galerie  &#8220; icon_placement=&#8220;left&#8220; image_icon_width=&#8220;7px&#8220; _builder_version=&#8220;4.27.4&#8243; _module_preset=&#8220;default&#8220; header_font=&#8220;|700||on|||||&#8220; header_text_align=&#8220;left&#8220; header_text_color=&#8220;#FFFFFF&#8220; header_font_size=&#8220;12px&#8220; header_letter_spacing=&#8220;2px&#8220; image_icon_custom_margin=&#8220;2px||0px||false|false&#8220; image_icon_custom_padding=&#8220;0px||0px||false|false&#8220; custom_margin=&#8220;0px||10px||false|false&#8220; custom_margin_tablet=&#8220;0px||10px||false|false&#8220; custom_margin_phone=&#8220;0px||5px||false|false&#8220; custom_margin_last_edited=&#8220;on|phone&#8220; custom_padding=&#8220;0px||0px||false|false&#8220; animation=&#8220;off&#8220; custom_css_main_element=&#8220;display:inline-block;&#8220; custom_css_blurb_title=&#8220;margin-left:-25px;&#8220; custom_css_blurb_content=&#8220;margin:0px;&#8220; global_colors_info=&#8220;{}&#8220;][\/et_pb_blurb][et_pb_text _builder_version=&#8220;4.27.4&#8243; _module_preset=&#8220;default&#8220; header_text_color=&#8220;#FFFFFF&#8220; header_2_font=&#8220;Space Grotesk|700|||||||&#8220; header_2_text_align=&#8220;center&#8220; header_2_text_color=&#8220;#FFFFFF&#8220; header_2_font_size=&#8220;63px&#8220; header_2_line_height=&#8220;1.1em&#8220; custom_margin=&#8220;-11px||0px||false|false&#8220; custom_padding=&#8220;0px||0px||false|false&#8220; header_2_font_size_tablet=&#8220;63px&#8220; header_2_font_size_phone=&#8220;30px&#8220; header_2_font_size_last_edited=&#8220;on|phone&#8220; global_colors_info=&#8220;{}&#8220;]<\/p>\n<h2>Metallschwei\u00dfen<\/h2>\n<p>[\/et_pb_text][\/et_pb_column][\/et_pb_row][et_pb_row _builder_version=&#8220;4.27.4&#8243; _module_preset=&#8220;default&#8220; global_colors_info=&#8220;{}&#8220;][et_pb_column type=&#8220;4_4&#8243; _builder_version=&#8220;4.27.4&#8243; _module_preset=&#8220;default&#8220; global_colors_info=&#8220;{}&#8220;][difl_imagegallery df_gallery_enable_category=&#8220;on&#8220; category_ids=&#8220;%91%2273%22%93&#8243; layout_mode=&#8220;fitRows&#8220; use_orientation=&#8220;on&#8220; item_gutter=&#8220;20px&#8220; use_image_order=&#8220;on&#8220; image_order=&#8220;asc&#8220; use_lightbox=&#8220;on&#8220; use_lightbox_content=&#8220;on&#8220; overlay=&#8220;on&#8220; overlay_primary=&#8220;rgba(255,102,0,0.36)&#8220; overlay_secondary=&#8220;rgba(0,0,0,0.31)&#8220; content_position=&#8220;c4-layout-center&#8220; image_scale=&#8220;c4-image-zoom-in&#8220; image_to_display_tablet=&#8220;2&#8243; image_to_display_phone=&#8220;2&#8243; image_to_display_last_edited=&#8220;on|desktop&#8220; _builder_version=&#8220;4.27.4&#8243; _module_preset=&#8220;default&#8220; hover_enabled=&#8220;0&#8243; locked=&#8220;off&#8220; global_colors_info=&#8220;{}&#8220; sticky_enabled=&#8220;0&#8243;][\/difl_imagegallery][\/et_pb_column][\/et_pb_row][\/et_pb_section][et_pb_section fb_built=&#8220;1&#8243; _builder_version=&#8220;4.27.4&#8243; _module_preset=&#8220;default&#8220; background_color=&#8220;#000000&#8243; global_colors_info=&#8220;{}&#8220;][et_pb_row _builder_version=&#8220;4.27.0&#8243; _module_preset=&#8220;default&#8220; width=&#8220;90%&#8220; max_width=&#8220;1350px&#8220; custom_margin=&#8220;0px|auto|61px|auto|false|false&#8220; custom_margin_tablet=&#8220;0px||50px||false|false&#8220; custom_margin_phone=&#8220;0px||45px||false|false&#8220; custom_margin_last_edited=&#8220;on|phone&#8220; custom_padding=&#8220;0px||0px||false|false&#8220; custom_css_main_element=&#8220;text-align:center;&#8220; locked=&#8220;off&#8220; global_colors_info=&#8220;{}&#8220;][et_pb_column type=&#8220;4_4&#8243; _builder_version=&#8220;4.27.0&#8243; _module_preset=&#8220;default&#8220; global_colors_info=&#8220;{}&#8220;][et_pb_blurb title=&#8220;Galerie  &#8220; icon_placement=&#8220;left&#8220; image_icon_width=&#8220;7px&#8220; _builder_version=&#8220;4.27.4&#8243; _module_preset=&#8220;default&#8220; header_font=&#8220;|700||on|||||&#8220; header_text_align=&#8220;left&#8220; header_text_color=&#8220;#FFFFFF&#8220; header_font_size=&#8220;12px&#8220; header_letter_spacing=&#8220;2px&#8220; image_icon_custom_margin=&#8220;2px||0px||false|false&#8220; image_icon_custom_padding=&#8220;0px||0px||false|false&#8220; custom_margin=&#8220;0px||10px||false|false&#8220; custom_margin_tablet=&#8220;0px||10px||false|false&#8220; custom_margin_phone=&#8220;0px||5px||false|false&#8220; custom_margin_last_edited=&#8220;on|phone&#8220; custom_padding=&#8220;0px||0px||false|false&#8220; animation=&#8220;off&#8220; custom_css_main_element=&#8220;display:inline-block;&#8220; custom_css_blurb_title=&#8220;margin-left:-25px;&#8220; custom_css_blurb_content=&#8220;margin:0px;&#8220; global_colors_info=&#8220;{}&#8220;][\/et_pb_blurb][et_pb_text _builder_version=&#8220;4.27.4&#8243; _module_preset=&#8220;default&#8220; header_text_color=&#8220;#FFFFFF&#8220; header_2_font=&#8220;Space Grotesk|700|||||||&#8220; header_2_text_align=&#8220;center&#8220; header_2_text_color=&#8220;#FFFFFF&#8220; header_2_font_size=&#8220;63px&#8220; header_2_line_height=&#8220;1.1em&#8220; custom_margin=&#8220;-11px||0px||false|false&#8220; custom_padding=&#8220;0px||0px||false|false&#8220; header_2_font_size_tablet=&#8220;63px&#8220; header_2_font_size_phone=&#8220;30px&#8220; header_2_font_size_last_edited=&#8220;on|phone&#8220; global_colors_info=&#8220;{}&#8220;]<\/p>\n<h2>Feuerverzinkung und Kunststoffbeschichtung<\/h2>\n<p>[\/et_pb_text][\/et_pb_column][\/et_pb_row][et_pb_row _builder_version=&#8220;4.27.4&#8243; _module_preset=&#8220;default&#8220; global_colors_info=&#8220;{}&#8220;][et_pb_column type=&#8220;4_4&#8243; _builder_version=&#8220;4.27.4&#8243; _module_preset=&#8220;default&#8220; global_colors_info=&#8220;{}&#8220;][difl_imagegallery df_gallery_enable_category=&#8220;on&#8220; category_ids=&#8220;%91%2271%22%93&#8243; layout_mode=&#8220;fitRows&#8220; use_orientation=&#8220;on&#8220; item_gutter=&#8220;20px&#8220; use_image_order=&#8220;on&#8220; image_order=&#8220;asc&#8220; use_lightbox=&#8220;on&#8220; use_lightbox_content=&#8220;on&#8220; overlay=&#8220;on&#8220; overlay_primary=&#8220;rgba(255,102,0,0.36)&#8220; overlay_secondary=&#8220;rgba(0,0,0,0.31)&#8220; content_position=&#8220;c4-layout-center&#8220; image_scale=&#8220;c4-image-zoom-in&#8220; image_to_display_tablet=&#8220;2&#8243; image_to_display_phone=&#8220;2&#8243; image_to_display_last_edited=&#8220;on|desktop&#8220; _builder_version=&#8220;4.27.4&#8243; _module_preset=&#8220;default&#8220; hover_enabled=&#8220;0&#8243; locked=&#8220;off&#8220; global_colors_info=&#8220;{}&#8220; sticky_enabled=&#8220;0&#8243;][\/difl_imagegallery][\/et_pb_column][\/et_pb_row][\/et_pb_section]<\/p>\n","protected":false},"excerpt":{"rendered":"<p><div class=\"et_pb_module difl_advanced_blurb difl_advanced_blurb_0 et_animated\">\n\t\t\t\t\n\t\t\t\t\n\t\t\t\t\n\t\t\t\t\n\t\t\t\t\n\t\t\t\t\n\t\t\t\t<div class=\"et_pb_module_inner\">\n\t\t\t\t\t<div class=\"df_ab_blurb_container\"> <div class=\"df_ab_blurb_image image placement_image_flex_left\"><img decoding=\"async\" class=\"df_ab_blurb_image_img\" src=\"https:\/\/metal-projekt.ba\/wp-content\/uploads\/METALlaser.png\" alt=\"\" \/><\/div><div class=\"df_ab_blurb_content_container\"> <h3  class=\"df_ab_blurb_title\">WASSERSTRAHL- UND LASERMETALLSCHNEIDEN<\/h3 >  <div class=\"df_ab_blurb_description\">Wasserstrahl- und Lasermetallschneiden erm\u00f6glichen pr\u00e4zise und saubere Schnitte f\u00fcr eine breite Palette von Materialien, ohne Verformungen und mit der M\u00f6glichkeit, dickere Oberfl\u00e4chen zu bearbeiten.<\/div>  <\/div><\/div>\n\t\t\t\t<\/div>\n\t\t\t<\/div><div class=\"et_pb_module difl_advanced_blurb difl_advanced_blurb_1\">\n\t\t\t\t\n\t\t\t\t\n\t\t\t\t\n\t\t\t\t\n\t\t\t\t\n\t\t\t\t\n\t\t\t\t<div class=\"et_pb_module_inner\">\n\t\t\t\t\t<div class=\"df_ab_blurb_container\"> <div class=\"df_ab_blurb_content_container\"><div class=\"df_ab_blurb_image image placement_image_&#8220;flex_left&#8220;\"><img decoding=\"async\" class=\"df_ab_blurb_image_img\" src=\"&#8220;https:\/\/metal-projekt.ba\/wp-content\/uploads\/METALsavijanje.png&#8220;\" alt=\"\" \/><\/div> <h3  class=\"df_ab_blurb_title\">&#8220;METALLBIEGEN&#8220;<\/h3 >    <\/div><\/div>\n\t\t\t\t<\/div>\n\t\t\t<\/div><\/p>\n","protected":false},"author":1,"featured_media":255308,"parent":0,"menu_order":0,"comment_status":"closed","ping_status":"closed","template":"","meta":{"_et_pb_use_builder":"on","_et_pb_old_content":"","_et_gb_content_width":"","inline_featured_image":false,"footnotes":""},"dipi_cpt_category":[],"difl_page_category":[],"class_list":["post-255329","page","type-page","status-publish","has-post-thumbnail","hentry"],"_links":{"self":[{"href":"https:\/\/metal-projekt.ba\/de\/wp-json\/wp\/v2\/pages\/255329","targetHints":{"allow":["GET"]}}],"collection":[{"href":"https:\/\/metal-projekt.ba\/de\/wp-json\/wp\/v2\/pages"}],"about":[{"href":"https:\/\/metal-projekt.ba\/de\/wp-json\/wp\/v2\/types\/page"}],"author":[{"embeddable":true,"href":"https:\/\/metal-projekt.ba\/de\/wp-json\/wp\/v2\/users\/1"}],"replies":[{"embeddable":true,"href":"https:\/\/metal-projekt.ba\/de\/wp-json\/wp\/v2\/comments?post=255329"}],"version-history":[{"count":0,"href":"https:\/\/metal-projekt.ba\/de\/wp-json\/wp\/v2\/pages\/255329\/revisions"}],"wp:featuredmedia":[{"embeddable":true,"href":"https:\/\/metal-projekt.ba\/de\/wp-json\/wp\/v2\/media\/255308"}],"wp:attachment":[{"href":"https:\/\/metal-projekt.ba\/de\/wp-json\/wp\/v2\/media?parent=255329"}],"wp:term":[{"taxonomy":"dipi_cpt_category","embeddable":true,"href":"https:\/\/metal-projekt.ba\/de\/wp-json\/wp\/v2\/dipi_cpt_category?post=255329"},{"taxonomy":"difl_page_category","embeddable":true,"href":"https:\/\/metal-projekt.ba\/de\/wp-json\/wp\/v2\/difl_page_category?post=255329"}],"curies":[{"name":"wp","href":"https:\/\/api.w.org\/{rel}","templated":true}]}}