{"id":255316,"date":"2025-01-28T13:08:01","date_gmt":"2025-01-28T12:08:01","guid":{"rendered":"https:\/\/metal-projekt.ba\/ueber-uns\/"},"modified":"2025-02-11T20:20:47","modified_gmt":"2025-02-11T19:20:47","slug":"ueber-uns","status":"publish","type":"page","link":"https:\/\/metal-projekt.ba\/de\/ueber-uns\/","title":{"rendered":"\u00dcber uns"},"content":{"rendered":"<p>[et_pb_section fb_built=&#8220;1&#8243; custom_padding_last_edited=&#8220;on|phone&#8220; module_class=&#8220;custom-overlay&#8220; _builder_version=&#8220;4.27.4&#8243; _module_preset=&#8220;default&#8220; background_color=&#8220;#FF6600&#8243; background_enable_image=&#8220;off&#8220; parallax=&#8220;on&#8220; parallax_method=&#8220;off&#8220; background_blend=&#8220;overlay&#8220; custom_margin=&#8220;0px||0px||false|false&#8220; custom_padding=&#8220;60px||60px||true|false&#8220; custom_padding_tablet=&#8220;120px||120px||false|false&#8220; custom_padding_phone=&#8220;10px||10px||true|false&#8220; locked=&#8220;off&#8220; global_colors_info=&#8220;{}&#8220;][et_pb_row _builder_version=&#8220;4.27.4&#8243; _module_preset=&#8220;default&#8220; global_colors_info=&#8220;{}&#8220;][et_pb_column type=&#8220;4_4&#8243; _builder_version=&#8220;4.27.4&#8243; _module_preset=&#8220;default&#8220; global_colors_info=&#8220;{}&#8220;][et_pb_text _builder_version=&#8220;4.27.4&#8243; _dynamic_attributes=&#8220;content&#8220; _module_preset=&#8220;default&#8220; header_text_color=&#8220;#FFFFFF&#8220; header_font_size=&#8220;63px&#8220; header_2_font=&#8220;|700|||||||&#8220; header_2_text_align=&#8220;left&#8220; header_2_text_color=&#8220;#FFFFFF&#8220; header_2_font_size=&#8220;63px&#8220; header_2_line_height=&#8220;1.1em&#8220; max_width=&#8220;540px&#8220; max_width_tablet=&#8220;100%&#8220; max_width_phone=&#8220;100%&#8220; max_width_last_edited=&#8220;on|tablet&#8220; custom_margin=&#8220;10px||7px||false|false&#8220; custom_padding=&#8220;||0px||false|false&#8220; header_font_size_tablet=&#8220;61px&#8220; header_font_size_phone=&#8220;30px&#8220; header_font_size_last_edited=&#8220;on|tablet&#8220; header_2_font_size_tablet=&#8220;63px&#8220; header_2_font_size_phone=&#8220;30px&#8220; header_2_font_size_last_edited=&#8220;on|phone&#8220; global_colors_info=&#8220;{}&#8220;]@ET-DC@eyJkeW5hbWljIjp0cnVlLCJjb250ZW50IjoicG9zdF90aXRsZSIsInNldHRpbmdzIjp7ImJlZm9yZSI6IjxoMT4iLCJhZnRlciI6IjxcL2gxPiJ9fQ==@[\/et_pb_text][\/et_pb_column][\/et_pb_row][\/et_pb_section][et_pb_section fb_built=&#8220;1&#8243; custom_padding_last_edited=&#8220;on|tablet&#8220; _builder_version=&#8220;4.27.4&#8243; _module_preset=&#8220;default&#8220; background_color=&#8220;RGBA(255,255,255,0)&#8220; custom_margin=&#8220;0px||0px||false|false&#8220; custom_padding=&#8220;130px||0px||false|false&#8220; custom_padding_tablet=&#8220;120px||0px||false|false&#8220; custom_padding_phone=&#8220;90px||||false|false&#8220; global_colors_info=&#8220;{}&#8220;][et_pb_row column_structure=&#8220;1_2,1_2&#8243; use_custom_gutter=&#8220;on&#8220; gutter_width=&#8220;1&#8243; make_equal=&#8220;on&#8220; _builder_version=&#8220;4.27.4&#8243; _module_preset=&#8220;default&#8220; custom_margin=&#8220;||0px||false|false&#8220; custom_padding=&#8220;0px||90px||false|false&#8220; global_colors_info=&#8220;{}&#8220;][et_pb_column type=&#8220;1_2&#8243; _builder_version=&#8220;4.27.0&#8243; _module_preset=&#8220;default&#8220; animation_style=&#8220;slide&#8220; animation_direction=&#8220;left&#8220; animation_intensity_slide=&#8220;3%&#8220; animation_speed_curve=&#8220;ease&#8220; global_colors_info=&#8220;{}&#8220;][et_pb_image src=&#8220;https:\/\/metal-projekt.ba\/wp-content\/uploads\/METALpozadina.jpg&#8220; title_text=&#8220;METAL-Hintergrund&#8220; force_fullwidth=&#8220;on&#8220; _builder_version=&#8220;4.27.4&#8243; _module_preset=&#8220;default&#8220; custom_margin=&#8220;0px||0px||false|false&#8220; custom_padding=&#8220;0px||0px||false|false&#8220; global_colors_info=&#8220;{}&#8220;][\/et_pb_image][\/et_pb_column][et_pb_column type=&#8220;1_2&#8243; _builder_version=&#8220;4.27.0&#8243; _module_preset=&#8220;default&#8220; background_color=&#8220;#FFFFFF&#8220; custom_padding=&#8220;40px|60px|80px|60px|false|false&#8220; custom_padding_tablet=&#8220;80px|60px|80px|60px|false|false&#8220; custom_padding_phone=&#8220;55px|30px|55px|30px|false|false&#8220; custom_padding_last_edited=&#8220;on|tablet&#8220; animation_style=&#8220;slide&#8220; animation_direction=&#8220;right&#8220; animation_intensity_slide=&#8220;3%&#8220; animation_speed_curve=&#8220;ease&#8220; global_colors_info=&#8220;{}&#8220;][et_pb_text _builder_version=&#8220;4.27.4&#8243; _module_preset=&#8220;default&#8220; global_colors_info=&#8220;{}&#8220;]<\/p>\n<div>\n<div>\n<div>\n<p><span><strong>Metal Projekt<\/strong> besch\u00e4ftigt sich mit der Entwicklung, Produktion, Verarbeitung und dem Handel<\/span> <span>von Metallprodukten.<br \/> Au\u00dfer Standardmetallelementen entwerfen und realisieren wir auch die anspruchsvollsten Produkte<\/span> <span>gem\u00e4\u00df den Vorstellungen und Bed\u00fcrfnissen des Kunden.<\/span><\/p>\n<h2>Unsere Vision und Mission<\/h2>\n<p>Mit dem Fortschritt der Technologie haben wir neben der Tradition auch neue Methoden und renommierte Verarbeitungsger\u00e4te in unsere Arbeit eingef\u00fchrt, was zu Produkten f\u00fchrt, die eine Harmonie zwischen traditionellem und modernem Stil schaffen, um ein Produkt zu erhalten, das alle Bed\u00fcrfnisse unserer Kunden erf\u00fcllt.<\/p>\n<\/div>\n<\/div>\n<\/div>\n<div>\n<p>Unsere Erfahrung, engagierte Arbeit und die Zusammenarbeit mit Ingenieuren, Designern und Architekten garantieren ein auf Ihre Bed\u00fcrfnisse zugeschnittenes Qualit\u00e4tsprodukt.<\/p>\n<p><strong>METAL PROJEKT<\/strong> ist f\u00fcr den Inlands- und EU-Markt t\u00e4tig.<\/p>\n<\/div>\n<p>[\/et_pb_text][et_pb_text _builder_version=&#8220;4.27.4&#8243; _module_preset=&#8220;default&#8220; text_font=&#8220;|700||on|||||&#8220; text_text_color=&#8220;#000000&#8243; text_font_size=&#8220;16px&#8220; text_line_height=&#8220;1.2em&#8220; background_color=&#8220;RGBA(255,255,255,0)&#8220; background_image=&#8220;https:\/\/metal-projekt.ba\/wp-content\/uploads\/solar-energy-6-hyt-1ter2.png&#8220; background_size=&#8220;custom&#8220; background_image_width=&#8220;32px&#8220; background_position=&#8220;center_right&#8220; custom_margin=&#8220;30px||0px||false|false&#8220; custom_padding=&#8220;7px|37px|7px|0px|false|false&#8220; link_option_url=&#8220;https:\/\/metal-projekt.ba\/de\/kontakt\/&#8220; custom_css_main_element=&#8220;display:inline-block;&#8220; global_colors_info=&#8220;{}&#8220; text_text_color__hover_enabled=&#8220;on|hover&#8220; text_text_color__hover=&#8220;#FF6600&#8243;]<\/p>\n<p>Kontaktieren Sie uns<\/p>\n<p>[\/et_pb_text][\/et_pb_column][\/et_pb_row][\/et_pb_section][et_pb_section fb_built=&#8220;1&#8243; _builder_version=&#8220;4.27.4&#8243; _module_preset=&#8220;default&#8220; background_color=&#8220;#000000&#8243; locked=&#8220;off&#8220; global_colors_info=&#8220;{}&#8220;][et_pb_row _builder_version=&#8220;4.27.4&#8243; _module_preset=&#8220;default&#8220; global_colors_info=&#8220;{}&#8220;][et_pb_column type=&#8220;4_4&#8243; _builder_version=&#8220;4.27.4&#8243; _module_preset=&#8220;default&#8220; global_colors_info=&#8220;{}&#8220;][difl_imagegallery df_gallery_enable_category=&#8220;on&#8220; category_ids=&#8220;%91%2270%22%93&#8243; layout_mode=&#8220;fitRows&#8220; item_gutter=&#8220;20px&#8220; use_lightbox=&#8220;on&#8220; use_lightbox_content=&#8220;on&#8220; content_position=&#8220;c4-layout-center&#8220; image_scale=&#8220;c4-image-zoom-in&#8220; _builder_version=&#8220;4.27.4&#8243; _module_preset=&#8220;default&#8220; global_colors_info=&#8220;{}&#8220; use_orientation=&#8220;on&#8220; use_image_order=&#8220;on&#8220; image_order=&#8220;asc&#8220; overlay=&#8220;on&#8220; overlay_primary=&#8220;rgba(255,102,0,0.36)&#8220; overlay_secondary=&#8220;rgba(0,0,0,0.31)&#8220; image_to_display_tablet=&#8220;2&#8243; image_to_display_phone=&#8220;2&#8243; image_to_display_last_edited=&#8220;on|desktop&#8220; hover_enabled=&#8220;0&#8243; sticky_enabled=&#8220;0&#8243;][\/difl_imagegallery][\/et_pb_column][\/et_pb_row][\/et_pb_section]<\/p>\n","protected":false},"excerpt":{"rendered":"<p>Metal Projekt besch\u00e4ftigt sich mit der Entwicklung, Produktion, Verarbeitung und dem Handel von Metallprodukten. Au\u00dfer Standardmetallelementen entwerfen und realisieren wir auch die anspruchsvollsten Produkte gem\u00e4\u00df den Vorstellungen und Bed\u00fcrfnissen des Kunden. Unsere Vision und Mission Mit dem Fortschritt der Technologie haben wir neben der Tradition auch neue Methoden und renommierte Verarbeitungsger\u00e4te in unsere Arbeit eingef\u00fchrt, [&hellip;]<\/p>\n","protected":false},"author":1,"featured_media":255308,"parent":0,"menu_order":0,"comment_status":"closed","ping_status":"closed","template":"","meta":{"_et_pb_use_builder":"on","_et_pb_old_content":"","_et_gb_content_width":"","inline_featured_image":false,"footnotes":""},"dipi_cpt_category":[],"difl_page_category":[],"class_list":["post-255316","page","type-page","status-publish","has-post-thumbnail","hentry"],"_links":{"self":[{"href":"https:\/\/metal-projekt.ba\/de\/wp-json\/wp\/v2\/pages\/255316","targetHints":{"allow":["GET"]}}],"collection":[{"href":"https:\/\/metal-projekt.ba\/de\/wp-json\/wp\/v2\/pages"}],"about":[{"href":"https:\/\/metal-projekt.ba\/de\/wp-json\/wp\/v2\/types\/page"}],"author":[{"embeddable":true,"href":"https:\/\/metal-projekt.ba\/de\/wp-json\/wp\/v2\/users\/1"}],"replies":[{"embeddable":true,"href":"https:\/\/metal-projekt.ba\/de\/wp-json\/wp\/v2\/comments?post=255316"}],"version-history":[{"count":0,"href":"https:\/\/metal-projekt.ba\/de\/wp-json\/wp\/v2\/pages\/255316\/revisions"}],"wp:featuredmedia":[{"embeddable":true,"href":"https:\/\/metal-projekt.ba\/de\/wp-json\/wp\/v2\/media\/255308"}],"wp:attachment":[{"href":"https:\/\/metal-projekt.ba\/de\/wp-json\/wp\/v2\/media?parent=255316"}],"wp:term":[{"taxonomy":"dipi_cpt_category","embeddable":true,"href":"https:\/\/metal-projekt.ba\/de\/wp-json\/wp\/v2\/dipi_cpt_category?post=255316"},{"taxonomy":"difl_page_category","embeddable":true,"href":"https:\/\/metal-projekt.ba\/de\/wp-json\/wp\/v2\/difl_page_category?post=255316"}],"curies":[{"name":"wp","href":"https:\/\/api.w.org\/{rel}","templated":true}]}}